{"id":1597,"date":"2018-06-14T11:19:19","date_gmt":"2018-06-14T09:19:19","guid":{"rendered":"https:\/\/nimbuscs.eu\/blog\/"},"modified":"2018-06-14T11:19:19","modified_gmt":"2018-06-14T09:19:19","slug":"blog","status":"publish","type":"page","link":"https:\/\/nimbuscs.eu\/ca\/blog\/","title":{"rendered":"Blog"},"content":{"rendered":"<p><div class=\"fusion-fullwidth fullwidth-box fusion-builder-row-1 fusion-flex-container fusion-parallax-none nonhundred-percent-fullwidth non-hundred-percent-height-scrolling lazyload\" style=\"--awb-border-sizes-bottom:1px;--awb-border-color:var(--awb-color4);--awb-border-radius-top-left:0px;--awb-border-radius-top-right:0px;--awb-border-radius-bottom-right:0px;--awb-border-radius-bottom-left:0px;--awb-padding-top:90px;--awb-padding-bottom:90px;--awb-background-image:linear-gradient(180deg, var(--awb-color1) 0%,rgba(255,255,255,0.62) 100%);;--awb-background-size:cover;\" data-bg=\"https:\/\/nimbuscs.eu\/wp-content\/uploads\/2023\/05\/bg-nimbuscs-home-02.jpg\" data-bg-gradient=\"linear-gradient(180deg, var(--awb-color1) 0%,rgba(255,255,255,0.62) 100%)\" ><div class=\"fusion-builder-row fusion-row fusion-flex-align-items-flex-start\" style=\"max-width:calc( 1200px + 0px );margin-left: calc(-0px \/ 2 );margin-right: calc(-0px \/ 2 );\"><div class=\"fusion-layout-column fusion_builder_column fusion-builder-column-0 fusion_builder_column_1_1 1_1 fusion-flex-column fusion-animated\" style=\"--awb-bg-size:cover;--awb-width-large:100%;--awb-margin-top-large:0px;--awb-spacing-right-large:0px;--awb-margin-bottom-large:0px;--awb-spacing-left-large:0px;--awb-width-medium:100%;--awb-spacing-right-medium:0px;--awb-spacing-left-medium:0px;--awb-width-small:100%;--awb-spacing-right-small:0px;--awb-spacing-left-small:0px;\" data-animationType=\"fadeInDown\" data-animationDuration=\"0.6\" data-animationOffset=\"top-into-view\"><div class=\"fusion-column-wrapper fusion-flex-justify-content-flex-start fusion-content-layout-column\"><div class=\"fusion-title title fusion-title-1 fusion-sep-none fusion-title-center fusion-title-text fusion-title-size-one\" style=\"--awb-text-color:var(--awb-color8);--awb-margin-bottom:0px;\"><h1 class=\"title-heading-center fusion-responsive-typography-calculated\" style=\"margin:0;--fontSize:64;line-height:var(--awb-typography1-line-height);\">Not\u00edcies<\/h1><\/div><\/div><\/div><\/div><\/div><div class=\"fusion-fullwidth fullwidth-box fusion-builder-row-2 fusion-flex-container nonhundred-percent-fullwidth non-hundred-percent-height-scrolling\" style=\"--awb-border-radius-top-left:0px;--awb-border-radius-top-right:0px;--awb-border-radius-bottom-right:0px;--awb-border-radius-bottom-left:0px;--awb-padding-top:6%;--awb-padding-bottom:7%;\" ><div class=\"fusion-builder-row fusion-row fusion-flex-align-items-flex-start\" style=\"max-width:calc( 1200px + 0px );margin-left: calc(-0px \/ 2 );margin-right: calc(-0px \/ 2 );\"><div class=\"fusion-layout-column fusion_builder_column fusion-builder-column-1 fusion_builder_column_1_1 1_1 fusion-flex-column fusion-animated\" style=\"--awb-bg-size:cover;--awb-width-large:100%;--awb-margin-top-large:40px;--awb-spacing-right-large:0px;--awb-margin-bottom-large:30px;--awb-spacing-left-large:0px;--awb-width-medium:100%;--awb-spacing-right-medium:0px;--awb-spacing-left-medium:0px;--awb-width-small:100%;--awb-spacing-right-small:0px;--awb-spacing-left-small:0px;\" data-animationType=\"fadeInUp\" data-animationDuration=\"0.6\" data-animationOffset=\"top-into-view\"><div class=\"fusion-column-wrapper fusion-flex-justify-content-flex-start fusion-content-layout-column\"><div class=\"fusion-blog-shortcode fusion-blog-shortcode-1 fusion-blog-archive fusion-blog-layout-grid-wrapper fusion-blog-pagination fusion-blog-layout-center\"><style type=\"text\/css\">.fusion-blog-shortcode-1 .fusion-blog-layout-grid .fusion-post-grid{padding:20px;}.fusion-blog-shortcode-1 .fusion-posts-container{margin-left: -20px !important; margin-right:-20px !important;}<\/style><div class=\"fusion-posts-container fusion-posts-container-pagination fusion-blog-rollover fusion-blog-layout-grid fusion-blog-layout-grid-3 isotope fusion-blog-equal-heights\" data-pages=\"1\" data-grid-col-space=\"40\" style=\"margin: -20px -20px 0;min-height:500px;\"><article id=\"blog-1-post-1629\" class=\"fusion-post-grid post-1629 post type-post status-publish format-standard has-post-thumbnail hentry category-sin-categorizar\">\n<div class=\"fusion-post-wrapper\" style=\"background-color:rgba(255,255,255,0);border:1px solid hsla(var(--awb-color8-h),var(--awb-color8-s),calc( var(--awb-color8-l) + 83% ),var(--awb-color8-a));border-bottom-width:3px;\">\n\n\t\t\t<div class=\"fusion-flexslider flexslider fusion-flexslider-loading fusion-post-slideshow\" style=\"border-color:hsla(var(--awb-color8-h),var(--awb-color8-s),calc( var(--awb-color8-l) + 83% ),var(--awb-color8-a));\">\n\t\t<ul class=\"slides\">\n\t\t\t\n\t\t\t\t\t\t\t\t\t\t\t\t\t\t<li><div  class=\"fusion-image-wrapper\" aria-haspopup=\"true\">\n\t\t\t\t<img decoding=\"async\" width=\"333\" height=\"298\" src=\"https:\/\/nimbuscs.eu\/wp-content\/uploads\/2023\/10\/ACCIO-integrat-vertical-CAT-color.png\" class=\"attachment-full size-full lazyload wp-post-image\" alt=\"\" srcset=\"data:image\/svg+xml,%3Csvg%20xmlns%3D%27http%3A%2F%2Fwww.w3.org%2F2000%2Fsvg%27%20width%3D%27333%27%20height%3D%27298%27%20viewBox%3D%270%200%20333%20298%27%3E%3Crect%20width%3D%27333%27%20height%3D%27298%27%20fill-opacity%3D%220%22%2F%3E%3C%2Fsvg%3E\" data-orig-src=\"https:\/\/nimbuscs.eu\/wp-content\/uploads\/2023\/10\/ACCIO-integrat-vertical-CAT-color.png\" data-srcset=\"https:\/\/nimbuscs.eu\/wp-content\/uploads\/2023\/10\/ACCIO-integrat-vertical-CAT-color-200x179.png 200w, https:\/\/nimbuscs.eu\/wp-content\/uploads\/2023\/10\/ACCIO-integrat-vertical-CAT-color.png 333w\" data-sizes=\"auto\" \/><div class=\"fusion-rollover\">\n\t<div class=\"fusion-rollover-content\">\n\n\t\t\t\t\t\t\t\t\t\t\t\t\t\t<a class=\"fusion-rollover-link\" href=\"https:\/\/nimbuscs.eu\/ca\/noves-iniciatives-disrruptives-daccio\/\">Noves iniciatives disrruptives d&#8217;ACCI\u00d3<\/a>\n\t\t\t\n\t\t\t\t\t\t\t\t\n\t\t\n\t\t\t\t\t\t\t\t\n\t\t\t\t\t\t\t\t\n\t\t\n\t\t\t\t\t\t<a class=\"fusion-link-wrapper\" href=\"https:\/\/nimbuscs.eu\/ca\/noves-iniciatives-disrruptives-daccio\/\" aria-label=\"Noves iniciatives disrruptives d&#8217;ACCI\u00d3\"><\/a>\n\t<\/div>\n<\/div>\n<\/div>\n<\/li>\n\t\t\t\n\t\t\t\n\t\t\t\t\t\t\t\t\t\t\t\t\t\t\t\t\t\t\t\t\t\t\t\t\t\t\t\t\t\t\t\t\t\t\t\t\t\t\t\t\t\t\t\t\t\t\t\t\t\t\t\t\t\t\t\t\t\t\t\t\t\t\t\t\t\t\t\t<\/ul>\n\t<\/div>\n\t<div class=\"fusion-post-content-wrapper\" style=\"padding:30px 25px 20px 25px;\"><div class=\"fusion-post-content post-content\"><h2 class=\"blog-shortcode-post-title entry-title\"><a href=\"https:\/\/nimbuscs.eu\/ca\/noves-iniciatives-disrruptives-daccio\/\">Noves iniciatives disrruptives d&#8217;ACCI\u00d3<\/a><\/h2><p class=\"fusion-single-line-meta\">By <span class=\"vcard\"><span class=\"fn\"><a href=\"https:\/\/nimbuscs.eu\/ca\/author\/jordi_41aiqbvv\/\" title=\"Entrades de admin\" rel=\"author\">admin<\/a><\/span><\/span><span class=\"fusion-inline-sep\">|<\/span><span class=\"updated\" style=\"display:none;\">2023-10-24T18:16:54+02:00<\/span><span>octubre 24th, 2023<\/span><span class=\"fusion-inline-sep\">|<\/span><\/p><div class=\"fusion-content-sep sep-single sep-solid\"><\/div><div class=\"fusion-post-content-container\"><p>PROVES PILOT D\u2019UN SISTEMA DE MONITORITZACI\u00d3 DE L\u2019ALIMENTACI\u00d3 EN UNA EXPLOTACI\u00d3 AV\u00cdCOLA NIMBUS CONNECTED SOLUTIONS, S.L. en col\u00b7laboraci\u00f3 amb l\u2019empresa<\/p><\/div><\/div><div class=\"fusion-meta-info\"><div class=\"fusion-aligncenter\"><a href=\"https:\/\/nimbuscs.eu\/ca\/noves-iniciatives-disrruptives-daccio\/#respond\"><i class=\"awb-icon-bubbles\" aria-hidden=\"true\"><\/i>&nbsp;0<\/a><\/div><\/div><\/div><div class=\"fusion-clearfix\"><\/div><\/div>\n<\/article>\n<article id=\"blog-1-post-1584\" class=\"fusion-post-grid post-1584 post type-post status-publish format-standard has-post-thumbnail hentry category-company-updates-ca category-moving-tips-ca category-road-traffic-reports-ca category-safety-regulations-ca\">\n<div class=\"fusion-post-wrapper\" style=\"background-color:rgba(255,255,255,0);border:1px solid hsla(var(--awb-color8-h),var(--awb-color8-s),calc( var(--awb-color8-l) + 83% ),var(--awb-color8-a));border-bottom-width:3px;\">\n\n\t\t\t<div class=\"fusion-flexslider flexslider fusion-flexslider-loading fusion-post-slideshow\" style=\"border-color:hsla(var(--awb-color8-h),var(--awb-color8-s),calc( var(--awb-color8-l) + 83% ),var(--awb-color8-a));\">\n\t\t<ul class=\"slides\">\n\t\t\t\n\t\t\t\t\t\t\t\t\t\t\t\t\t\t<li><div  class=\"fusion-image-wrapper\" aria-haspopup=\"true\">\n\t\t\t\t<img decoding=\"async\" width=\"1200\" height=\"738\" src=\"https:\/\/nimbuscs.eu\/wp-content\/uploads\/2023\/05\/noticia-01.jpg\" class=\"attachment-full size-full lazyload wp-post-image\" alt=\"\" srcset=\"data:image\/svg+xml,%3Csvg%20xmlns%3D%27http%3A%2F%2Fwww.w3.org%2F2000%2Fsvg%27%20width%3D%271200%27%20height%3D%27738%27%20viewBox%3D%270%200%201200%20738%27%3E%3Crect%20width%3D%271200%27%20height%3D%27738%27%20fill-opacity%3D%220%22%2F%3E%3C%2Fsvg%3E\" data-orig-src=\"https:\/\/nimbuscs.eu\/wp-content\/uploads\/2023\/05\/noticia-01.jpg\" data-srcset=\"https:\/\/nimbuscs.eu\/wp-content\/uploads\/2023\/05\/noticia-01-200x123.jpg 200w, https:\/\/nimbuscs.eu\/wp-content\/uploads\/2023\/05\/noticia-01-400x246.jpg 400w, https:\/\/nimbuscs.eu\/wp-content\/uploads\/2023\/05\/noticia-01-600x369.jpg 600w, https:\/\/nimbuscs.eu\/wp-content\/uploads\/2023\/05\/noticia-01-800x492.jpg 800w, https:\/\/nimbuscs.eu\/wp-content\/uploads\/2023\/05\/noticia-01.jpg 1200w\" data-sizes=\"auto\" \/><div class=\"fusion-rollover\">\n\t<div class=\"fusion-rollover-content\">\n\n\t\t\t\t\t\t\t\t\t\t\t\t\t\t<a class=\"fusion-rollover-link\" href=\"https:\/\/nimbuscs.eu\/ca\/noticia-01\/\">Not\u00edcia 01<\/a>\n\t\t\t\n\t\t\t\t\t\t\t\t\n\t\t\n\t\t\t\t\t\t\t\t\n\t\t\t\t\t\t\t\t\n\t\t\n\t\t\t\t\t\t<a class=\"fusion-link-wrapper\" href=\"https:\/\/nimbuscs.eu\/ca\/noticia-01\/\" aria-label=\"Not\u00edcia 01\"><\/a>\n\t<\/div>\n<\/div>\n<\/div>\n<\/li>\n\t\t\t\n\t\t\t\n\t\t\t\t\t\t\t\t\t\t\t\t\t\t\t\t\t\t\t\t\t\t\t\t\t\t\t\t\t\t\t\t\t\t\t\t\t\t\t\t\t\t\t\t\t\t\t\t\t\t\t\t\t\t\t\t\t\t\t\t\t\t\t\t\t\t\t\t<\/ul>\n\t<\/div>\n\t<div class=\"fusion-post-content-wrapper\" style=\"padding:30px 25px 20px 25px;\"><div class=\"fusion-post-content post-content\"><h2 class=\"blog-shortcode-post-title entry-title\"><a href=\"https:\/\/nimbuscs.eu\/ca\/noticia-01\/\">Not\u00edcia 01<\/a><\/h2><p class=\"fusion-single-line-meta\">By <span class=\"vcard\"><span class=\"fn\"><a href=\"https:\/\/nimbuscs.eu\/ca\/author\/jordi_41aiqbvv\/\" title=\"Entrades de admin\" rel=\"author\">admin<\/a><\/span><\/span><span class=\"fusion-inline-sep\">|<\/span><span class=\"updated\" style=\"display:none;\">2023-09-22T18:19:28+02:00<\/span><span>juny 18th, 2018<\/span><span class=\"fusion-inline-sep\">|<\/span><\/p><div class=\"fusion-content-sep sep-single sep-solid\"><\/div><div class=\"fusion-post-content-container\"><p> Lorem ipsum dolor sit amet, consectetur adipiscing elit. Nullam eget mauris purus. Donec et dapibus eros. Cras maximus efficitur<\/p><\/div><\/div><div class=\"fusion-meta-info\"><div class=\"fusion-aligncenter\"><a href=\"https:\/\/nimbuscs.eu\/ca\/noticia-01\/#respond\"><i class=\"awb-icon-bubbles\" aria-hidden=\"true\"><\/i>&nbsp;0<\/a><\/div><\/div><\/div><div class=\"fusion-clearfix\"><\/div><\/div>\n<\/article>\n<article id=\"blog-1-post-1585\" class=\"fusion-post-grid post-1585 post type-post status-publish format-standard has-post-thumbnail hentry category-company-updates-ca category-moving-tips-ca category-safety-regulations-ca\">\n<div class=\"fusion-post-wrapper\" style=\"background-color:rgba(255,255,255,0);border:1px solid hsla(var(--awb-color8-h),var(--awb-color8-s),calc( var(--awb-color8-l) + 83% ),var(--awb-color8-a));border-bottom-width:3px;\">\n\n\t\t\t<div class=\"fusion-flexslider flexslider fusion-flexslider-loading fusion-post-slideshow\" style=\"border-color:hsla(var(--awb-color8-h),var(--awb-color8-s),calc( var(--awb-color8-l) + 83% ),var(--awb-color8-a));\">\n\t\t<ul class=\"slides\">\n\t\t\t\n\t\t\t\t\t\t\t\t\t\t\t\t\t\t<li><div  class=\"fusion-image-wrapper\" aria-haspopup=\"true\">\n\t\t\t\t<img decoding=\"async\" width=\"1200\" height=\"738\" src=\"https:\/\/nimbuscs.eu\/wp-content\/uploads\/2023\/05\/noticia-02.jpg\" class=\"attachment-full size-full lazyload wp-post-image\" alt=\"\" srcset=\"data:image\/svg+xml,%3Csvg%20xmlns%3D%27http%3A%2F%2Fwww.w3.org%2F2000%2Fsvg%27%20width%3D%271200%27%20height%3D%27738%27%20viewBox%3D%270%200%201200%20738%27%3E%3Crect%20width%3D%271200%27%20height%3D%27738%27%20fill-opacity%3D%220%22%2F%3E%3C%2Fsvg%3E\" data-orig-src=\"https:\/\/nimbuscs.eu\/wp-content\/uploads\/2023\/05\/noticia-02.jpg\" data-srcset=\"https:\/\/nimbuscs.eu\/wp-content\/uploads\/2023\/05\/noticia-02-200x123.jpg 200w, https:\/\/nimbuscs.eu\/wp-content\/uploads\/2023\/05\/noticia-02-400x246.jpg 400w, https:\/\/nimbuscs.eu\/wp-content\/uploads\/2023\/05\/noticia-02-600x369.jpg 600w, https:\/\/nimbuscs.eu\/wp-content\/uploads\/2023\/05\/noticia-02-800x492.jpg 800w, https:\/\/nimbuscs.eu\/wp-content\/uploads\/2023\/05\/noticia-02.jpg 1200w\" data-sizes=\"auto\" \/><div class=\"fusion-rollover\">\n\t<div class=\"fusion-rollover-content\">\n\n\t\t\t\t\t\t\t\t\t\t\t\t\t\t<a class=\"fusion-rollover-link\" href=\"https:\/\/nimbuscs.eu\/ca\/noticia-02\/\">Not\u00edcia 02<\/a>\n\t\t\t\n\t\t\t\t\t\t\t\t\n\t\t\n\t\t\t\t\t\t\t\t\n\t\t\t\t\t\t\t\t\n\t\t\n\t\t\t\t\t\t<a class=\"fusion-link-wrapper\" href=\"https:\/\/nimbuscs.eu\/ca\/noticia-02\/\" aria-label=\"Not\u00edcia 02\"><\/a>\n\t<\/div>\n<\/div>\n<\/div>\n<\/li>\n\t\t\t\n\t\t\t\n\t\t\t\t\t\t\t\t\t\t\t\t\t\t\t\t\t\t\t\t\t\t\t\t\t\t\t\t\t\t\t\t\t\t\t\t\t\t\t\t\t\t\t\t\t\t\t\t\t\t\t\t\t\t\t\t\t\t\t\t\t\t\t\t\t\t\t\t<\/ul>\n\t<\/div>\n\t<div class=\"fusion-post-content-wrapper\" style=\"padding:30px 25px 20px 25px;\"><div class=\"fusion-post-content post-content\"><h2 class=\"blog-shortcode-post-title entry-title\"><a href=\"https:\/\/nimbuscs.eu\/ca\/noticia-02\/\">Not\u00edcia 02<\/a><\/h2><p class=\"fusion-single-line-meta\">By <span class=\"vcard\"><span class=\"fn\"><a href=\"https:\/\/nimbuscs.eu\/ca\/author\/jordi_41aiqbvv\/\" title=\"Entrades de admin\" rel=\"author\">admin<\/a><\/span><\/span><span class=\"fusion-inline-sep\">|<\/span><span class=\"updated\" style=\"display:none;\">2023-09-22T18:19:20+02:00<\/span><span>juny 18th, 2018<\/span><span class=\"fusion-inline-sep\">|<\/span><\/p><div class=\"fusion-content-sep sep-single sep-solid\"><\/div><div class=\"fusion-post-content-container\"><p> Lorem ipsum dolor sit amet, consectetur adipiscing elit. Nullam eget mauris purus. Donec et dapibus eros. Cras maximus efficitur<\/p><\/div><\/div><div class=\"fusion-meta-info\"><div class=\"fusion-aligncenter\"><a href=\"https:\/\/nimbuscs.eu\/ca\/noticia-02\/#respond\"><i class=\"awb-icon-bubbles\" aria-hidden=\"true\"><\/i>&nbsp;0<\/a><\/div><\/div><\/div><div class=\"fusion-clearfix\"><\/div><\/div>\n<\/article>\n<article id=\"blog-1-post-1586\" class=\"fusion-post-grid post-1586 post type-post status-publish format-standard has-post-thumbnail hentry category-moving-tips-ca category-road-traffic-reports-ca category-safety-regulations-ca\">\n<div class=\"fusion-post-wrapper\" style=\"background-color:rgba(255,255,255,0);border:1px solid hsla(var(--awb-color8-h),var(--awb-color8-s),calc( var(--awb-color8-l) + 83% ),var(--awb-color8-a));border-bottom-width:3px;\">\n\n\t\t\t<div class=\"fusion-flexslider flexslider fusion-flexslider-loading fusion-post-slideshow\" style=\"border-color:hsla(var(--awb-color8-h),var(--awb-color8-s),calc( var(--awb-color8-l) + 83% ),var(--awb-color8-a));\">\n\t\t<ul class=\"slides\">\n\t\t\t\n\t\t\t\t\t\t\t\t\t\t\t\t\t\t<li><div  class=\"fusion-image-wrapper\" aria-haspopup=\"true\">\n\t\t\t\t<img decoding=\"async\" width=\"1200\" height=\"738\" src=\"https:\/\/nimbuscs.eu\/wp-content\/uploads\/2023\/05\/noticia-03.jpg\" class=\"attachment-full size-full lazyload wp-post-image\" alt=\"\" srcset=\"data:image\/svg+xml,%3Csvg%20xmlns%3D%27http%3A%2F%2Fwww.w3.org%2F2000%2Fsvg%27%20width%3D%271200%27%20height%3D%27738%27%20viewBox%3D%270%200%201200%20738%27%3E%3Crect%20width%3D%271200%27%20height%3D%27738%27%20fill-opacity%3D%220%22%2F%3E%3C%2Fsvg%3E\" data-orig-src=\"https:\/\/nimbuscs.eu\/wp-content\/uploads\/2023\/05\/noticia-03.jpg\" data-srcset=\"https:\/\/nimbuscs.eu\/wp-content\/uploads\/2023\/05\/noticia-03-200x123.jpg 200w, https:\/\/nimbuscs.eu\/wp-content\/uploads\/2023\/05\/noticia-03-400x246.jpg 400w, https:\/\/nimbuscs.eu\/wp-content\/uploads\/2023\/05\/noticia-03-600x369.jpg 600w, https:\/\/nimbuscs.eu\/wp-content\/uploads\/2023\/05\/noticia-03-800x492.jpg 800w, https:\/\/nimbuscs.eu\/wp-content\/uploads\/2023\/05\/noticia-03.jpg 1200w\" data-sizes=\"auto\" \/><div class=\"fusion-rollover\">\n\t<div class=\"fusion-rollover-content\">\n\n\t\t\t\t\t\t\t\t\t\t\t\t\t\t<a class=\"fusion-rollover-link\" href=\"https:\/\/nimbuscs.eu\/ca\/noticia-03\/\">Not\u00edcia 03<\/a>\n\t\t\t\n\t\t\t\t\t\t\t\t\n\t\t\n\t\t\t\t\t\t\t\t\n\t\t\t\t\t\t\t\t\n\t\t\n\t\t\t\t\t\t<a class=\"fusion-link-wrapper\" href=\"https:\/\/nimbuscs.eu\/ca\/noticia-03\/\" aria-label=\"Not\u00edcia 03\"><\/a>\n\t<\/div>\n<\/div>\n<\/div>\n<\/li>\n\t\t\t\n\t\t\t\n\t\t\t\t\t\t\t\t\t\t\t\t\t\t\t\t\t\t\t\t\t\t\t\t\t\t\t\t\t\t\t\t\t\t\t\t\t\t\t\t\t\t\t\t\t\t\t\t\t\t\t\t\t\t\t\t\t\t\t\t\t\t\t\t\t\t\t\t<\/ul>\n\t<\/div>\n\t<div class=\"fusion-post-content-wrapper\" style=\"padding:30px 25px 20px 25px;\"><div class=\"fusion-post-content post-content\"><h2 class=\"blog-shortcode-post-title entry-title\"><a href=\"https:\/\/nimbuscs.eu\/ca\/noticia-03\/\">Not\u00edcia 03<\/a><\/h2><p class=\"fusion-single-line-meta\">By <span class=\"vcard\"><span class=\"fn\"><a href=\"https:\/\/nimbuscs.eu\/ca\/author\/jordi_41aiqbvv\/\" title=\"Entrades de admin\" rel=\"author\">admin<\/a><\/span><\/span><span class=\"fusion-inline-sep\">|<\/span><span class=\"updated\" style=\"display:none;\">2023-09-22T18:19:11+02:00<\/span><span>juny 18th, 2018<\/span><span class=\"fusion-inline-sep\">|<\/span><\/p><div class=\"fusion-content-sep sep-single sep-solid\"><\/div><div class=\"fusion-post-content-container\"><p> Lorem ipsum dolor sit amet, consectetur adipiscing elit. Nullam eget mauris purus. Donec et dapibus eros. Cras maximus efficitur<\/p><\/div><\/div><div class=\"fusion-meta-info\"><div class=\"fusion-aligncenter\"><a href=\"https:\/\/nimbuscs.eu\/ca\/noticia-03\/#respond\"><i class=\"awb-icon-bubbles\" aria-hidden=\"true\"><\/i>&nbsp;0<\/a><\/div><\/div><\/div><div class=\"fusion-clearfix\"><\/div><\/div>\n<\/article>\n<div class=\"fusion-clearfix\"><\/div><\/div><\/div><\/div><\/div><\/div><\/div><\/p>\n","protected":false},"excerpt":{"rendered":"","protected":false},"author":1,"featured_media":0,"parent":0,"menu_order":0,"comment_status":"closed","ping_status":"closed","template":"100-width.php","meta":{"footnotes":""},"class_list":["post-1597","page","type-page","status-publish","hentry"],"yoast_head":"<!-- This site is optimized with the Yoast SEO plugin v21.2 - https:\/\/yoast.com\/wordpress\/plugins\/seo\/ -->\n<title>Blog - Nimbuscs<\/title>\n<meta name=\"robots\" content=\"index, follow, max-snippet:-1, max-image-preview:large, max-video-preview:-1\" \/>\n<link rel=\"canonical\" href=\"https:\/\/nimbuscs.eu\/blog\/\" \/>\n<meta property=\"og:locale\" content=\"ca_ES\" \/>\n<meta property=\"og:type\" content=\"article\" \/>\n<meta property=\"og:title\" content=\"Blog - Nimbuscs\" \/>\n<meta property=\"og:url\" content=\"https:\/\/nimbuscs.eu\/blog\/\" \/>\n<meta property=\"og:site_name\" content=\"Nimbuscs\" \/>\n<meta name=\"twitter:card\" content=\"summary_large_image\" \/>\n<meta name=\"twitter:label1\" content=\"Temps estimat de lectura\" \/>\n\t<meta name=\"twitter:data1\" content=\"2 minuts\" \/>\n<script type=\"application\/ld+json\" class=\"yoast-schema-graph\">{\"@context\":\"https:\/\/schema.org\",\"@graph\":[{\"@type\":\"WebPage\",\"@id\":\"https:\/\/nimbuscs.eu\/blog\/\",\"url\":\"https:\/\/nimbuscs.eu\/blog\/\",\"name\":\"Blog - Nimbuscs\",\"isPartOf\":{\"@id\":\"https:\/\/nimbuscs.eu\/#website\"},\"datePublished\":\"2018-06-14T09:19:19+00:00\",\"dateModified\":\"2018-06-14T09:19:19+00:00\",\"breadcrumb\":{\"@id\":\"https:\/\/nimbuscs.eu\/blog\/#breadcrumb\"},\"inLanguage\":\"ca\",\"potentialAction\":[{\"@type\":\"ReadAction\",\"target\":[\"https:\/\/nimbuscs.eu\/blog\/\"]}]},{\"@type\":\"BreadcrumbList\",\"@id\":\"https:\/\/nimbuscs.eu\/blog\/#breadcrumb\",\"itemListElement\":[{\"@type\":\"ListItem\",\"position\":1,\"name\":\"Portada\",\"item\":\"https:\/\/nimbuscs.eu\/ca\/\"},{\"@type\":\"ListItem\",\"position\":2,\"name\":\"Blog\"}]},{\"@type\":\"WebSite\",\"@id\":\"https:\/\/nimbuscs.eu\/#website\",\"url\":\"https:\/\/nimbuscs.eu\/\",\"name\":\"Nimbuscs\",\"description\":\"Desarrollamos productos de agricultura inteligente personalizados para nuestros clientes que ayudan a mejorar la calidad de trabajo del agricultor y del producto agr\u00edcola\",\"potentialAction\":[{\"@type\":\"SearchAction\",\"target\":{\"@type\":\"EntryPoint\",\"urlTemplate\":\"https:\/\/nimbuscs.eu\/?s={search_term_string}\"},\"query-input\":\"required name=search_term_string\"}],\"inLanguage\":\"ca\"}]}<\/script>\n<!-- \/ Yoast SEO plugin. -->","yoast_head_json":{"title":"Blog - Nimbuscs","robots":{"index":"index","follow":"follow","max-snippet":"max-snippet:-1","max-image-preview":"max-image-preview:large","max-video-preview":"max-video-preview:-1"},"canonical":"https:\/\/nimbuscs.eu\/blog\/","og_locale":"ca_ES","og_type":"article","og_title":"Blog - Nimbuscs","og_url":"https:\/\/nimbuscs.eu\/blog\/","og_site_name":"Nimbuscs","twitter_card":"summary_large_image","twitter_misc":{"Temps estimat de lectura":"2 minuts"},"schema":{"@context":"https:\/\/schema.org","@graph":[{"@type":"WebPage","@id":"https:\/\/nimbuscs.eu\/blog\/","url":"https:\/\/nimbuscs.eu\/blog\/","name":"Blog - Nimbuscs","isPartOf":{"@id":"https:\/\/nimbuscs.eu\/#website"},"datePublished":"2018-06-14T09:19:19+00:00","dateModified":"2018-06-14T09:19:19+00:00","breadcrumb":{"@id":"https:\/\/nimbuscs.eu\/blog\/#breadcrumb"},"inLanguage":"ca","potentialAction":[{"@type":"ReadAction","target":["https:\/\/nimbuscs.eu\/blog\/"]}]},{"@type":"BreadcrumbList","@id":"https:\/\/nimbuscs.eu\/blog\/#breadcrumb","itemListElement":[{"@type":"ListItem","position":1,"name":"Portada","item":"https:\/\/nimbuscs.eu\/ca\/"},{"@type":"ListItem","position":2,"name":"Blog"}]},{"@type":"WebSite","@id":"https:\/\/nimbuscs.eu\/#website","url":"https:\/\/nimbuscs.eu\/","name":"Nimbuscs","description":"Desarrollamos productos de agricultura inteligente personalizados para nuestros clientes que ayudan a mejorar la calidad de trabajo del agricultor y del producto agr\u00edcola","potentialAction":[{"@type":"SearchAction","target":{"@type":"EntryPoint","urlTemplate":"https:\/\/nimbuscs.eu\/?s={search_term_string}"},"query-input":"required name=search_term_string"}],"inLanguage":"ca"}]}},"_links":{"self":[{"href":"https:\/\/nimbuscs.eu\/ca\/wp-json\/wp\/v2\/pages\/1597","targetHints":{"allow":["GET"]}}],"collection":[{"href":"https:\/\/nimbuscs.eu\/ca\/wp-json\/wp\/v2\/pages"}],"about":[{"href":"https:\/\/nimbuscs.eu\/ca\/wp-json\/wp\/v2\/types\/page"}],"author":[{"embeddable":true,"href":"https:\/\/nimbuscs.eu\/ca\/wp-json\/wp\/v2\/users\/1"}],"replies":[{"embeddable":true,"href":"https:\/\/nimbuscs.eu\/ca\/wp-json\/wp\/v2\/comments?post=1597"}],"version-history":[{"count":0,"href":"https:\/\/nimbuscs.eu\/ca\/wp-json\/wp\/v2\/pages\/1597\/revisions"}],"wp:attachment":[{"href":"https:\/\/nimbuscs.eu\/ca\/wp-json\/wp\/v2\/media?parent=1597"}],"curies":[{"name":"wp","href":"https:\/\/api.w.org\/{rel}","templated":true}]}}